{"id":17522,"date":"2024-03-19T12:43:06","date_gmt":"2024-03-19T10:43:06","guid":{"rendered":"https:\/\/linhardttest.pixeltypen.de\/?page_id=17522"},"modified":"2024-03-19T12:49:59","modified_gmt":"2024-03-19T10:49:59","slug":"lin-health-suchtpraevention-2","status":"publish","type":"page","link":"https:\/\/linhardttest.pixeltypen.de\/index.php\/lin-health-suchtpraevention-2\/","title":{"rendered":"LIN.Health Suchtpr\u00c3\u00a4vention"},"content":{"rendered":"<p>[et_pb_section fb_built=&#8221;1&#8243; _builder_version=&#8221;4.9.4&#8243; background_image=&#8221;https:\/\/linhardttest.pixeltypen.de\/wp-content\/uploads\/2024\/02\/domino-made-with-wooden-pieces-representing-finances-struggles.jpg&#8221; width=&#8221;100%&#8221; max_width=&#8221;100%&#8221; min_height=&#8221;700px&#8221; height=&#8221;700px&#8221; max_height=&#8221;700px&#8221;][\/et_pb_section][et_pb_section fb_built=&#8221;1&#8243; fullwidth=&#8221;on&#8221; _builder_version=&#8221;3.22&#8243; background_color=&#8221;#f7f7f7&#8243;][et_pb_fullwidth_header title=&#8221;Suchtpr\u00c3\u00a4vention in der Ausbildung&#8221; subhead=&#8221;Es ist nie zu fr\u00c3\u00bch. Aber manchmal zu sp\u00c3\u00a4t.&#8221; text_orientation=&#8221;center&#8221; content_max_width=&#8221;none&#8221; _builder_version=&#8221;4.9.4&#8243; subhead_text_color=&#8221;#0C71C3&#8243; subhead_line_height=&#8221;3em&#8221; background_color=&#8221;rgba(255, 255, 255, 0)&#8221; background_layout=&#8221;light&#8221; button_one_text_size__hover_enabled=&#8221;off&#8221; button_two_text_size__hover_enabled=&#8221;off&#8221; button_one_text_color__hover_enabled=&#8221;off&#8221; button_two_text_color__hover_enabled=&#8221;off&#8221; button_one_border_width__hover_enabled=&#8221;off&#8221; button_two_border_width__hover_enabled=&#8221;off&#8221; button_one_border_color__hover_enabled=&#8221;off&#8221; button_two_border_color__hover_enabled=&#8221;off&#8221; button_one_border_radius__hover_enabled=&#8221;off&#8221; button_two_border_radius__hover_enabled=&#8221;off&#8221; button_one_letter_spacing__hover_enabled=&#8221;off&#8221; button_two_letter_spacing__hover_enabled=&#8221;off&#8221; button_one_bg_color__hover_enabled=&#8221;off&#8221; button_two_bg_color__hover_enabled=&#8221;off&#8221;][\/et_pb_fullwidth_header][\/et_pb_section][et_pb_section fb_built=&#8221;1&#8243; _builder_version=&#8221;4.9.4&#8243; _module_preset=&#8221;default&#8221;][et_pb_row column_structure=&#8221;3_5,2_5&#8243; _builder_version=&#8221;4.9.4&#8243; _module_preset=&#8221;default&#8221;][et_pb_column type=&#8221;3_5&#8243; _builder_version=&#8221;4.9.4&#8243; _module_preset=&#8221;default&#8221;][et_pb_blurb _builder_version=&#8221;4.9.4&#8243; _module_preset=&#8221;default&#8221; body_font=&#8221;Montserrat||||||||&#8221; body_font_size=&#8221;17px&#8221; body_line_height=&#8221;1.8em&#8221;]<\/p>\n<p>Pr\u00c3\u00a4vention beginnt, wenn eigentlich noch nichts passiert ist. Gerade bei dem Thema Sucht ist diese banale Beschreibung von Pr\u00c3\u00a4vention von gro\u00c3\u0178er Bedeutung. Auszubildende, die meist minderj\u00c3\u00a4hrig oder sich in ihrer Jugend befinden, gehen w\u00c3\u00a4hrend dieser Zeit durch viele verschiedene Lebensphasen und Gef\u00c3\u00bchlslagen. Anders als Erwachsene, die ebenso H\u00c3\u00b6hen und Tiefen durchleben, haben Jugendliche eine geringere Lebenserfahrung und k\u00c3\u00b6nnen daher in manchen Situation zu falschen Entscheidungen mit lebenslanger Konsequenz neigen.<\/p>\n<p>[\/et_pb_blurb][\/et_pb_column][et_pb_column type=&#8221;2_5&#8243; _builder_version=&#8221;4.9.4&#8243; _module_preset=&#8221;default&#8221;][et_pb_image src=&#8221;https:\/\/linhardttest.pixeltypen.de\/wp-content\/uploads\/2023\/11\/myriam-zilles-KltoLK6Mk-g-unsplash.jpg&#8221; title_text=&#8221;myriam-zilles-KltoLK6Mk-g-unsplash&#8221; align=&#8221;center&#8221; _builder_version=&#8221;4.9.4&#8243; _module_preset=&#8221;default&#8221; transform_scale=&#8221;126%|126%&#8221; transform_translate=&#8221;-3px|17px&#8221; transform_origin=&#8221;52%|54%&#8221; width=&#8221;400px&#8221; max_width=&#8221;400px&#8221; module_alignment=&#8221;center&#8221; filter_opacity=&#8221;80%&#8221; border_radii=&#8221;on|15px|15px|15px|15px&#8221;][\/et_pb_image][\/et_pb_column][\/et_pb_row][\/et_pb_section][et_pb_section fb_built=&#8221;1&#8243; _builder_version=&#8221;4.9.4&#8243; _module_preset=&#8221;default&#8221;][et_pb_row _builder_version=&#8221;4.9.4&#8243; _module_preset=&#8221;default&#8221;][et_pb_column type=&#8221;4_4&#8243; _builder_version=&#8221;4.9.4&#8243; _module_preset=&#8221;default&#8221;][et_pb_text _builder_version=&#8221;4.9.4&#8243; _module_preset=&#8221;default&#8221; text_orientation=&#8221;center&#8221;]<\/p>\n<h6>Anzeichen von Sucht und Abh\u00c3\u00a4ngigkeit sind vielf\u00c3\u00a4ltig<\/h6>\n<p>[\/et_pb_text][\/et_pb_column][\/et_pb_row][et_pb_row column_structure=&#8221;1_3,1_3,1_3&#8243; _builder_version=&#8221;4.9.4&#8243; _module_preset=&#8221;default&#8221;][et_pb_column type=&#8221;1_3&#8243; _builder_version=&#8221;4.9.4&#8243; _module_preset=&#8221;default&#8221;][et_pb_blurb use_icon=&#8221;on&#8221; font_icon=&#8221;%%59%%&#8221; use_icon_font_size=&#8221;on&#8221; icon_font_size=&#8221;15px&#8221; _builder_version=&#8221;4.9.4&#8243; _module_preset=&#8221;default&#8221; body_font=&#8221;Montserrat||||||||&#8221; body_text_align=&#8221;center&#8221; body_font_size=&#8221;16px&#8221; body_line_height=&#8221;1em&#8221;]<\/p>\n<p>Leistungsminderung und sinkende Arbeitsqualit\u00c3\u00a4t<\/p>\n<p>[\/et_pb_blurb][et_pb_blurb use_icon=&#8221;on&#8221; font_icon=&#8221;%%59%%&#8221; use_icon_font_size=&#8221;on&#8221; icon_font_size=&#8221;15px&#8221; _builder_version=&#8221;4.9.4&#8243; _module_preset=&#8221;default&#8221; body_font=&#8221;Montserrat||||||||&#8221; body_text_align=&#8221;center&#8221; body_font_size=&#8221;16px&#8221; body_line_height=&#8221;1em&#8221; text_orientation=&#8221;justified&#8221;]<\/p>\n<p>Schulische Probleme (Auszubildende)<\/p>\n<p>[\/et_pb_blurb][et_pb_blurb use_icon=&#8221;on&#8221; font_icon=&#8221;%%59%%&#8221; use_icon_font_size=&#8221;on&#8221; icon_font_size=&#8221;15px&#8221; _builder_version=&#8221;4.9.4&#8243; _module_preset=&#8221;default&#8221; body_font=&#8221;Montserrat||||||||&#8221; body_text_align=&#8221;center&#8221; body_font_size=&#8221;16px&#8221; body_line_height=&#8221;1em&#8221; text_orientation=&#8221;justified&#8221;]<\/p>\n<p>auffallende M\u00c3\u00bcdigkeit und Konzentrationsschw\u00c3\u00a4che<\/p>\n<p>[\/et_pb_blurb][et_pb_blurb use_icon=&#8221;on&#8221; font_icon=&#8221;%%59%%&#8221; use_icon_font_size=&#8221;on&#8221; icon_font_size=&#8221;15px&#8221; _builder_version=&#8221;4.9.4&#8243; _module_preset=&#8221;default&#8221; body_font=&#8221;Montserrat||||||||&#8221; body_text_align=&#8221;center&#8221; body_font_size=&#8221;16px&#8221; body_line_height=&#8221;1em&#8221; text_orientation=&#8221;justified&#8221;]<\/p>\n<p>Alkoholgeruch, Gangst\u00c3\u00b6rungen, Ver\u00c3\u00a4nderungen der Feinmotorik<\/p>\n<p>[\/et_pb_blurb][et_pb_blurb use_icon=&#8221;on&#8221; font_icon=&#8221;%%59%%&#8221; use_icon_font_size=&#8221;on&#8221; icon_font_size=&#8221;15px&#8221; _builder_version=&#8221;4.9.4&#8243; _module_preset=&#8221;default&#8221; body_font=&#8221;Montserrat||||||||&#8221; body_text_align=&#8221;center&#8221; body_font_size=&#8221;16px&#8221; body_line_height=&#8221;1em&#8221; text_orientation=&#8221;justified&#8221;]<\/p>\n<p>Apathie, Desinteresse, R\u00c3\u00bcckzugsverhalten<\/p>\n<p>[\/et_pb_blurb][\/et_pb_column][et_pb_column type=&#8221;1_3&#8243; _builder_version=&#8221;4.9.4&#8243; _module_preset=&#8221;default&#8221;][et_pb_image src=&#8221;https:\/\/linhardttest.pixeltypen.de\/wp-content\/uploads\/2024\/02\/diverse-freunde-versammeln-sich.jpg&#8221; title_text=&#8221;Diverse friends gathering together&#8221; align=&#8221;center&#8221; _builder_version=&#8221;4.9.4&#8243; _module_preset=&#8221;default&#8221; transform_translate=&#8221;-4px|24px&#8221; max_width=&#8221;58%&#8221; min_height=&#8221;300px&#8221; filter_opacity=&#8221;70%&#8221;][\/et_pb_image][\/et_pb_column][et_pb_column type=&#8221;1_3&#8243; _builder_version=&#8221;4.9.4&#8243; _module_preset=&#8221;default&#8221;][et_pb_blurb use_icon=&#8221;on&#8221; font_icon=&#8221;%%59%%&#8221; use_icon_font_size=&#8221;on&#8221; icon_font_size=&#8221;15px&#8221; _builder_version=&#8221;4.9.4&#8243; _module_preset=&#8221;default&#8221; body_font=&#8221;Montserrat||||||||&#8221; body_font_size=&#8221;16px&#8221; body_letter_spacing=&#8221;0.5px&#8221; body_line_height=&#8221;1em&#8221; text_orientation=&#8221;justified&#8221;]<\/p>\n<p style=\"text-align: center;\">Geringe Belastbarkeit<\/p>\n<p>[\/et_pb_blurb][et_pb_blurb use_icon=&#8221;on&#8221; font_icon=&#8221;%%59%%&#8221; use_icon_font_size=&#8221;on&#8221; icon_font_size=&#8221;15px&#8221; _builder_version=&#8221;4.9.4&#8243; _module_preset=&#8221;default&#8221; body_font=&#8221;Montserrat||||||||&#8221; body_font_size=&#8221;16px&#8221; body_letter_spacing=&#8221;0.5px&#8221; body_line_height=&#8221;1em&#8221; text_orientation=&#8221;center&#8221;]<\/p>\n<p style=\"text-align: center;\">h\u00c3\u00a4ufiges Zusp\u00c3\u00a4tkommen und negatives Auffallen<\/p>\n<p>[\/et_pb_blurb][et_pb_blurb use_icon=&#8221;on&#8221; font_icon=&#8221;%%59%%&#8221; use_icon_font_size=&#8221;on&#8221; icon_font_size=&#8221;15px&#8221; _builder_version=&#8221;4.9.4&#8243; _module_preset=&#8221;default&#8221; body_font=&#8221;Montserrat||||||||&#8221; body_font_size=&#8221;16px&#8221; body_line_height=&#8221;1em&#8221; text_orientation=&#8221;justified&#8221;]<\/p>\n<p style=\"text-align: center;\">Unerkl\u00c3\u00a4rbare Gef\u00c3\u00bchlsschwankungen<\/p>\n<p>[\/et_pb_blurb][et_pb_blurb use_icon=&#8221;on&#8221; font_icon=&#8221;%%59%%&#8221; use_icon_font_size=&#8221;on&#8221; icon_font_size=&#8221;15px&#8221; _builder_version=&#8221;4.9.4&#8243; _module_preset=&#8221;default&#8221; body_font=&#8221;Montserrat||||||||&#8221; body_font_size=&#8221;16px&#8221; body_line_height=&#8221;1em&#8221; text_orientation=&#8221;center&#8221;]<\/p>\n<p style=\"text-align: center;\">Ver\u00c3\u00a4ndertes Erscheinungsbild<\/p>\n<p>[\/et_pb_blurb][et_pb_blurb use_icon=&#8221;on&#8221; font_icon=&#8221;%%59%%&#8221; use_icon_font_size=&#8221;on&#8221; icon_font_size=&#8221;15px&#8221; _builder_version=&#8221;4.9.4&#8243; _module_preset=&#8221;default&#8221; body_font=&#8221;Montserrat||||||||&#8221; body_font_size=&#8221;16px&#8221; body_letter_spacing=&#8221;0.5px&#8221; body_line_height=&#8221;1em&#8221; text_orientation=&#8221;center&#8221;]<\/p>\n<p>Entzugserscheinungen, wie starkes Schwitzen oder Zittern<\/p>\n<p>[\/et_pb_blurb][\/et_pb_column][\/et_pb_row][\/et_pb_section][et_pb_section fb_built=&#8221;1&#8243; specialty=&#8221;on&#8221; _builder_version=&#8221;4.9.4&#8243; _module_preset=&#8221;default&#8221; background_color=&#8221;#EDEDED&#8221; collapsed=&#8221;off&#8221;][et_pb_column type=&#8221;1_2&#8243; specialty_columns=&#8221;2&#8243; _builder_version=&#8221;3.25&#8243; custom_padding=&#8221;|||&#8221; custom_padding__hover=&#8221;|||&#8221;][et_pb_row_inner _builder_version=&#8221;4.9.4&#8243; _module_preset=&#8221;default&#8221;][et_pb_column_inner saved_specialty_column_type=&#8221;1_2&#8243; _builder_version=&#8221;4.9.4&#8243; _module_preset=&#8221;default&#8221;][et_pb_divider color=&#8221;#5B8500&#8243; divider_weight=&#8221;3px&#8221; _builder_version=&#8221;4.9.4&#8243; _module_preset=&#8221;default&#8221; max_width=&#8221;100px&#8221;][\/et_pb_divider][et_pb_blurb title=&#8221;Wie sieht Pr\u00c3\u00a4vention bei LINHARDT aus?&#8221; content_max_width=&#8221;650px&#8221; admin_label=&#8221;Wie Pr\u00c3\u00a4v bei Linhardt&#8221; _builder_version=&#8221;4.9.4&#8243; _module_preset=&#8221;default&#8221; header_level=&#8221;h3&#8243; header_text_color=&#8221;#0C71C3&#8243; body_font=&#8221;Montserrat||||||||&#8221; body_font_size=&#8221;16px&#8221; body_line_height=&#8221;1.8em&#8221;]<\/p>\n<p>&nbsp;<\/p>\n<p>In Hambr\u00c3\u00bccken besuchen alle Auszubildende im ersten Lehrjahr einen Pr\u00c3\u00a4ventionstag, der aus einem theoretischen Teil und einem Besuch einer Entzugsklinik besteht. Im Theorieteil k\u00c3\u00b6nnen sich die Azubis ungest\u00c3\u00b6rt, ohne Vorgesetzte, \u00c3\u00bcber das Thema Sucht und Drogen unterhalten sowie ungehemmt Fragen stellen. Sie werden dabei von der Suchtberatungsstelle Karlsruhe begleitet. Danach erleben die Auszubildende den Alltag einer Entzugsklinik. Dort berichten Klienten (ehemalige Abh\u00c3\u00a4ngige) \u00c3\u00bcber ihren Werdegang, die Gefahren des \u00e2\u20ac\u0153reinrutschens\u00e2\u20ac\u009d sowie den strengen Regeln auf dem Weg hin zur Resozialisieurng.<\/p>\n<p>[\/et_pb_blurb][\/et_pb_column_inner][\/et_pb_row_inner][\/et_pb_column][et_pb_column type=&#8221;1_2&#8243; _builder_version=&#8221;3.25&#8243; custom_padding=&#8221;|||&#8221; custom_padding__hover=&#8221;|||&#8221;][et_pb_divider color=&#8221;#5B8500&#8243; divider_weight=&#8221;3px&#8221; _builder_version=&#8221;4.9.4&#8243; _module_preset=&#8221;default&#8221; max_width=&#8221;100px&#8221;][\/et_pb_divider][et_pb_blurb title=&#8221;Was tun bei Auff\u00c3\u00a4lligkeiten?&#8221; content_max_width=&#8221;650px&#8221; admin_label=&#8221;Was tun Auff\u00c3\u00a4lligkeiten&#8221; _builder_version=&#8221;4.9.4&#8243; _module_preset=&#8221;default&#8221; header_level=&#8221;h3&#8243; header_text_color=&#8221;#0C71C3&#8243; body_font=&#8221;Montserrat||||||||&#8221; body_font_size=&#8221;16px&#8221; body_line_height=&#8221;1.8em&#8221;]<\/p>\n<p>&nbsp;<\/p>\n<p>Egal, ob Du Ausbilder, (Azubi-) Kollege oder Fachbereichleiterin bist \u00e2\u20ac\u201c wir alle haben eine F\u00c3\u00bcrsorgepflicht anderen gegen\u00c3\u00bcber. Auszubildende stellen hier eine besondere Zielgruppe dar. Es ist nicht empfehlenswert, ohne eine passende Vorbereitung ein Gespr\u00c3\u00a4ch mit dem Betroffenen zu f\u00c3\u00bchren. Daher: Solltest Du den Verdacht auf Suchtmittelkonsum haben, meld Dich gerne bei LIN.Health, um die weiteren Schritte besprechen zu k\u00c3\u00b6nnen oder kontaktiere die Soforthilfe\/Anlaufstellen (siehe unten):<\/p>\n<p>[\/et_pb_blurb][\/et_pb_column][\/et_pb_section][et_pb_section fb_built=&#8221;1&#8243; fullwidth=&#8221;on&#8221; _builder_version=&#8221;4.9.4&#8243; _module_preset=&#8221;default&#8221; background_color=&#8221;#FFFFFF&#8221; top_divider_style=&#8221;ramp&#8221; top_divider_color=&#8221;#EDEDED&#8221;][\/et_pb_section][et_pb_section fb_built=&#8221;1&#8243; _builder_version=&#8221;4.9.4&#8243; _module_preset=&#8221;default&#8221; background_image=&#8221;https:\/\/linhardttest.pixeltypen.de\/wp-content\/uploads\/2024\/03\/event-1.png&#8221;][et_pb_row _builder_version=&#8221;4.9.4&#8243; _module_preset=&#8221;default&#8221;][et_pb_column type=&#8221;4_4&#8243; _builder_version=&#8221;4.9.4&#8243; _module_preset=&#8221;default&#8221;][et_pb_button button_url=&#8221;https:\/\/www.sucht-und-drogen-hotline.de\/&#8221; url_new_window=&#8221;on&#8221; button_text=&#8221;Telefonische Soforthilfe&#8221; button_alignment=&#8221;center&#8221; _builder_version=&#8221;4.9.4&#8243; _module_preset=&#8221;default&#8221; custom_button=&#8221;on&#8221; button_text_size=&#8221;25px&#8221; button_font=&#8221;Montserrat|700|||||||&#8221; transform_scale=&#8221;199%|199%&#8221; box_shadow_style=&#8221;preset1&#8243;][\/et_pb_button][\/et_pb_column][\/et_pb_row][et_pb_row _builder_version=&#8221;4.9.4&#8243; _module_preset=&#8221;default&#8221;][et_pb_column type=&#8221;4_4&#8243; _builder_version=&#8221;4.9.4&#8243; _module_preset=&#8221;default&#8221;][et_pb_divider show_divider=&#8221;off&#8221; _builder_version=&#8221;4.9.4&#8243; _module_preset=&#8221;default&#8221;][\/et_pb_divider][et_pb_blurb title=&#8221;Kontakte von Beratungsstellen&#8221; admin_label=&#8221;Anlaufstellen&#8221; _builder_version=&#8221;4.9.4&#8243; _module_preset=&#8221;default&#8221; header_level=&#8221;h3&#8243; header_text_color=&#8221;#0C71C3&#8243; body_line_height=&#8221;1.9em&#8221;][\/et_pb_blurb][\/et_pb_column][\/et_pb_row][et_pb_row column_structure=&#8221;1_3,1_3,1_3&#8243; _builder_version=&#8221;4.9.4&#8243; _module_preset=&#8221;default&#8221;][et_pb_column type=&#8221;1_3&#8243; _builder_version=&#8221;4.9.4&#8243; _module_preset=&#8221;default&#8221;][et_pb_toggle title=&#8221;Viechtach&#8221; _builder_version=&#8221;4.9.4&#8243; _module_preset=&#8221;default&#8221;]<\/p>\n<p>&nbsp;<\/p>\n<p style=\"text-align: center;\"><strong><a href=\"https:\/\/www.dhs.de\/service\/suchthilfeverzeichnis?tx_wwdhseinrichtung2_fe1%5Baction%5D=show&amp;tx_wwdhseinrichtung2_fe1%5Bcontroller%5D=Entry&amp;tx_wwdhseinrichtung2_fe1%5Bentry%5D=4440&amp;cHash=9772e18eacaf33dc6ca4bd8644763d9d\" target=\"_blank\" rel=\"noopener\">Hier entlang<\/a><\/strong><\/p>\n<p>[\/et_pb_toggle][\/et_pb_column][et_pb_column type=&#8221;1_3&#8243; _builder_version=&#8221;4.9.4&#8243; _module_preset=&#8221;default&#8221;][et_pb_toggle title=&#8221;Hambr\u00c3\u00bccken&#8221; _builder_version=&#8221;4.9.4&#8243; _module_preset=&#8221;default&#8221;]<\/p>\n<p>&nbsp;<\/p>\n<p style=\"text-align: center;\"><a href=\"https:\/\/www.dhs.de\/service\/suchthilfeverzeichnis?tx_wwdhseinrichtung2_fe1%5Baction%5D=list&amp;tx_wwdhseinrichtung2_fe1%5Bcontroller%5D=Entry&amp;tx_wwdhseinrichtung2_fe1%5Bdo%5D=search&amp;tx_wwdhseinrichtung2_fe1%5Bplzort%5D=karlsruhe&amp;tx_wwdhseinrichtung2_fe1%5Bumkreis%5D=0&amp;cHash=26ffa004091513d1bacdefed707395c4\" target=\"_blank\" rel=\"noopener\"><strong>Hier entlang<\/strong><\/a><\/p>\n<p>[\/et_pb_toggle][\/et_pb_column][et_pb_column type=&#8221;1_3&#8243; _builder_version=&#8221;4.9.4&#8243; _module_preset=&#8221;default&#8221;][et_pb_toggle title=&#8221;Pausa&#8221; _builder_version=&#8221;4.9.4&#8243; _module_preset=&#8221;default&#8221;]<\/p>\n<p>&nbsp;<\/p>\n<p style=\"text-align: center;\"><a href=\"https:\/\/www.dhs.de\/service\/suchthilfeverzeichnis?tx_wwdhseinrichtung2_fe1%5Baction%5D=list&amp;tx_wwdhseinrichtung2_fe1%5Bcontroller%5D=Entry&amp;tx_wwdhseinrichtung2_fe1%5Bdo%5D=search&amp;tx_wwdhseinrichtung2_fe1%5Bplzort%5D=plauen&amp;tx_wwdhseinrichtung2_fe1%5Bumkreis%5D=25&amp;cHash=f6ed74dd490a7a3cd1b3046ffa556b74\" target=\"_blank\" rel=\"noopener\"><strong>Hier entlang<\/strong><\/a><\/p>\n<p>[\/et_pb_toggle][\/et_pb_column][\/et_pb_row][\/et_pb_section][et_pb_section fb_built=&#8221;1&#8243; _builder_version=&#8221;4.9.4&#8243; _module_preset=&#8221;default&#8221;][\/et_pb_section]<\/p>\n","protected":false},"excerpt":{"rendered":"<p>[et_pb_section fb_built=&#8221;1&#8243; _builder_version=&#8221;4.9.4&#8243; background_image=&#8221;https:\/\/linhardttest.pixeltypen.de\/wp-content\/uploads\/2024\/02\/domino-made-with-wooden-pieces-representing-finances-struggles.jpg&#8221; width=&#8221;100%&#8221; max_width=&#8221;100%&#8221; min_height=&#8221;700px&#8221; height=&#8221;700px&#8221; max_height=&#8221;700px&#8221;][\/et_pb_section][et_pb_section fb_built=&#8221;1&#8243; fullwidth=&#8221;on&#8221; _builder_version=&#8221;3.22&#8243; background_color=&#8221;#f7f7f7&#8243;][et_pb_fullwidth_header title=&#8221;Suchtpr\u00c3\u00a4vention in der Ausbildung&#8221; subhead=&#8221;Es ist nie zu fr\u00c3\u00bch. Aber manchmal zu sp\u00c3\u00a4t.&#8221; text_orientation=&#8221;center&#8221; content_max_width=&#8221;none&#8221; _builder_version=&#8221;4.9.4&#8243; subhead_text_color=&#8221;#0C71C3&#8243; subhead_line_height=&#8221;3em&#8221; background_color=&#8221;rgba(255, 255, 255, 0)&#8221; background_layout=&#8221;light&#8221; button_one_text_size__hover_enabled=&#8221;off&#8221; button_two_text_size__hover_enabled=&#8221;off&#8221; button_one_text_color__hover_enabled=&#8221;off&#8221; button_two_text_color__hover_enabled=&#8221;off&#8221; button_one_border_width__hover_enabled=&#8221;off&#8221; button_two_border_width__hover_enabled=&#8221;off&#8221; button_one_border_color__hover_enabled=&#8221;off&#8221; button_two_border_color__hover_enabled=&#8221;off&#8221; button_one_border_radius__hover_enabled=&#8221;off&#8221; button_two_border_radius__hover_enabled=&#8221;off&#8221; button_one_letter_spacing__hover_enabled=&#8221;off&#8221; button_two_letter_spacing__hover_enabled=&#8221;off&#8221; button_one_bg_color__hover_enabled=&#8221;off&#8221; button_two_bg_color__hover_enabled=&#8221;off&#8221;][\/et_pb_fullwidth_header][\/et_pb_section][et_pb_section fb_built=&#8221;1&#8243; _builder_version=&#8221;4.9.4&#8243; _module_preset=&#8221;default&#8221;][et_pb_row column_structure=&#8221;3_5,2_5&#8243; _builder_version=&#8221;4.9.4&#8243; [&hellip;]<\/p>\n","protected":false},"author":13,"featured_media":0,"parent":0,"menu_order":0,"comment_status":"closed","ping_status":"closed","template":"","meta":{"_et_pb_use_builder":"on","_et_pb_old_content":"","_et_gb_content_width":""},"_links":{"self":[{"href":"https:\/\/linhardttest.pixeltypen.de\/index.php\/wp-json\/wp\/v2\/pages\/17522"}],"collection":[{"href":"https:\/\/linhardttest.pixeltypen.de\/index.php\/wp-json\/wp\/v2\/pages"}],"about":[{"href":"https:\/\/linhardttest.pixeltypen.de\/index.php\/wp-json\/wp\/v2\/types\/page"}],"author":[{"embeddable":true,"href":"https:\/\/linhardttest.pixeltypen.de\/index.php\/wp-json\/wp\/v2\/users\/13"}],"replies":[{"embeddable":true,"href":"https:\/\/linhardttest.pixeltypen.de\/index.php\/wp-json\/wp\/v2\/comments?post=17522"}],"version-history":[{"count":5,"href":"https:\/\/linhardttest.pixeltypen.de\/index.php\/wp-json\/wp\/v2\/pages\/17522\/revisions"}],"predecessor-version":[{"id":17535,"href":"https:\/\/linhardttest.pixeltypen.de\/index.php\/wp-json\/wp\/v2\/pages\/17522\/revisions\/17535"}],"wp:attachment":[{"href":"https:\/\/linhardttest.pixeltypen.de\/index.php\/wp-json\/wp\/v2\/media?parent=17522"}],"curies":[{"name":"wp","href":"https:\/\/api.w.org\/{rel}","templated":true}]}}