{"id":17850,"date":"2024-03-26T14:54:18","date_gmt":"2024-03-26T12:54:18","guid":{"rendered":"https:\/\/linhardttest.pixeltypen.de\/?page_id=17850"},"modified":"2025-07-23T14:57:28","modified_gmt":"2025-07-23T12:57:28","slug":"lin-ak","status":"publish","type":"page","link":"https:\/\/linhardttest.pixeltypen.de\/index.php\/lin-ak\/","title":{"rendered":"LIN.AK"},"content":{"rendered":"<p>[et_pb_section fb_built=&#8221;1&#8243; fullwidth=&#8221;on&#8221; _builder_version=&#8221;4.9.4&#8243; _module_preset=&#8221;default&#8221; collapsed=&#8221;off&#8221;][et_pb_fullwidth_image src=&#8221;https:\/\/linhardttest.pixeltypen.de\/wp-content\/uploads\/2024\/02\/AdobeStock_665124271_bearb_2.jpg&#8221; title_text=&#8221;AdobeStock_665124271_bearb_2&#8243; admin_label=&#8221;Titelbild&#8221; _builder_version=&#8221;4.9.4&#8243; _module_preset=&#8221;default&#8221;][\/et_pb_fullwidth_image][\/et_pb_section][et_pb_section fb_built=&#8221;1&#8243; admin_label=&#8221;Willkommen&#8221; _builder_version=&#8221;4.9.4&#8243; _module_preset=&#8221;default&#8221; background_color=&#8221;#FFFFFF&#8221; use_background_color_gradient=&#8221;on&#8221; background_color_gradient_start=&#8221;#ffffff&#8221; background_color_gradient_end=&#8221;#ffffff&#8221; custom_margin=&#8221;0px||||false|false&#8221; animation_style=&#8221;slide&#8221; animation_direction=&#8221;bottom&#8221; collapsed=&#8221;off&#8221;][et_pb_row admin_label=&#8221;\u00c3\u0153berschrift: Willkommen bei der LIN.AK&#8221; _builder_version=&#8221;4.9.4&#8243; _module_preset=&#8221;default&#8221; background_color=&#8221;#FFFFFF&#8221; collapsed=&#8221;off&#8221;][et_pb_column type=&#8221;4_4&#8243; _builder_version=&#8221;4.9.4&#8243; _module_preset=&#8221;default&#8221;][et_pb_text admin_label=&#8221;Willkommen&#8221; _builder_version=&#8221;4.9.4&#8243; _module_preset=&#8221;default&#8221; header_text_color=&#8221;#143A72&#8243; custom_margin=&#8221;5px|10px|5px|10px|true|true&#8221; custom_padding=&#8221;0px||0px||true|true&#8221;]<\/p>\n<h2 style=\"text-align: center;\">Willkommen bei der LIN.AK<\/h2>\n<p>[\/et_pb_text][et_pb_divider color=&#8221;#A0EB00&#8243; divider_weight=&#8221;5px&#8221; _builder_version=&#8221;4.9.4&#8243; _module_preset=&#8221;default&#8221; width=&#8221;45%&#8221; max_width=&#8221;60%&#8221; module_alignment=&#8221;center&#8221; custom_margin=&#8221;40px||||false|false&#8221;][\/et_pb_divider][et_pb_text admin_label=&#8221;Was gibts neues?&#8221; _builder_version=&#8221;4.9.4&#8243; _module_preset=&#8221;default&#8221; text_text_color=&#8221;#272D35&#8243; text_font_size=&#8221;16px&#8221; header_2_text_color=&#8221;#0C71C3&#8243; header_2_font_size=&#8221;25px&#8221; header_4_text_color=&#8221;#0D72C5&#8243;]<\/p>\n<h4>Was gibt&#8217;s neues?<\/h4>\n<p>[\/et_pb_text][et_pb_blog fullwidth=&#8221;off&#8221; posts_number=&#8221;3&#8243; include_categories=&#8221;10&#8243; excerpt_length=&#8221;100&#8243; _builder_version=&#8221;4.9.4&#8243; _module_preset=&#8221;default&#8221; width=&#8221;100%&#8221; module_alignment=&#8221;center&#8221;][\/et_pb_blog][et_pb_divider color=&#8221;#A0EB00&#8243; divider_weight=&#8221;5px&#8221; _builder_version=&#8221;4.9.4&#8243; _module_preset=&#8221;default&#8221; width=&#8221;45%&#8221; max_width=&#8221;60%&#8221; module_alignment=&#8221;center&#8221; custom_margin=&#8221;40px||||false|false&#8221;][\/et_pb_divider][\/et_pb_column][\/et_pb_row][et_pb_row column_structure=&#8221;1_3,1_3,1_3&#8243; use_custom_gutter=&#8221;on&#8221; make_equal=&#8221;on&#8221; admin_label=&#8221;Katalog&#8221; _builder_version=&#8221;4.9.4&#8243; _module_preset=&#8221;default&#8221; width=&#8221;50%&#8221; module_alignment=&#8221;center&#8221; custom_margin=&#8221;0px||0px||false|false&#8221; custom_padding=&#8221;0px|0px|0px||false|false&#8221; collapsed=&#8221;off&#8221;][et_pb_column type=&#8221;1_3&#8243; _builder_version=&#8221;4.9.4&#8243; _module_preset=&#8221;default&#8221; custom_padding=&#8221;0px||0px||false|false&#8221;][et_pb_image src=&#8221;https:\/\/linhardttest.pixeltypen.de\/wp-content\/uploads\/2025\/02\/Mockup_MA_Intranet.jpg&#8221; title_text=&#8221;Mockup_MA_Intranet&#8221; url=&#8221;https:\/\/linhardttest.pixeltypen.de\/wp-content\/uploads\/2025\/05\/Schulungskatalog_Mitarbeiter_2025_DB-1.pdf&#8221; url_new_window=&#8221;on&#8221; show_bottom_space=&#8221;off&#8221; _builder_version=&#8221;4.9.4&#8243; _module_preset=&#8221;default&#8221;][\/et_pb_image][\/et_pb_column][et_pb_column type=&#8221;1_3&#8243; _builder_version=&#8221;4.9.4&#8243; _module_preset=&#8221;default&#8221; custom_padding=&#8221;0px||0px||false|false&#8221;][et_pb_image src=&#8221;https:\/\/linhardttest.pixeltypen.de\/wp-content\/uploads\/2024\/03\/Formular_Schatten.jpg&#8221; title_text=&#8221;Formular_Schatten&#8221; url=&#8221;https:\/\/linhardttest.pixeltypen.de\/wp-content\/uploads\/2024\/03\/Anmeldeformular-Schulungskatalog_ausfuellbar.pdf&#8221; url_new_window=&#8221;on&#8221; _builder_version=&#8221;4.9.4&#8243; _module_preset=&#8221;default&#8221;][\/et_pb_image][\/et_pb_column][et_pb_column type=&#8221;1_3&#8243; _builder_version=&#8221;4.9.4&#8243; _module_preset=&#8221;default&#8221; custom_padding=&#8221;0px||0px||false|false&#8221;][et_pb_image src=&#8221;https:\/\/linhardttest.pixeltypen.de\/wp-content\/uploads\/2025\/02\/Mockup_FK_Intranet.jpg&#8221; title_text=&#8221;Mockup_FK_Intranet&#8221; url=&#8221;https:\/\/linhardttest.pixeltypen.de\/wp-content\/uploads\/2025\/05\/Schulungskatalog_Fuehrungskraefte_2025_DB-1.pdf&#8221; url_new_window=&#8221;on&#8221; show_bottom_space=&#8221;off&#8221; align=&#8221;right&#8221; _builder_version=&#8221;4.9.4&#8243; _module_preset=&#8221;default&#8221;][\/et_pb_image][\/et_pb_column][\/et_pb_row][et_pb_row admin_label=&#8221;\u00c3\u0153berschrift: Mehr Infos&#8221; _builder_version=&#8221;4.9.4&#8243; _module_preset=&#8221;default&#8221; collapsed=&#8221;off&#8221;][et_pb_column type=&#8221;4_4&#8243; _builder_version=&#8221;4.9.4&#8243; _module_preset=&#8221;default&#8221;][et_pb_divider color=&#8221;#A0EB00&#8243; divider_weight=&#8221;5px&#8221; _builder_version=&#8221;4.9.4&#8243; _module_preset=&#8221;default&#8221; width=&#8221;45%&#8221; max_width=&#8221;60%&#8221; module_alignment=&#8221;center&#8221; custom_margin=&#8221;40px||||false|false&#8221;][\/et_pb_divider][et_pb_text admin_label=&#8221;Mehr Infos&#8221; _builder_version=&#8221;4.9.4&#8243; _module_preset=&#8221;default&#8221; text_text_color=&#8221;#272D35&#8243; text_font_size=&#8221;16px&#8221; header_2_text_color=&#8221;#0C71C3&#8243; header_2_font_size=&#8221;25px&#8221; header_4_text_color=&#8221;#0D72C5&#8243;]<\/p>\n<h4>Mehr Infos zu den folgenden Themen<\/h4>\n<p>[\/et_pb_text][\/et_pb_column][\/et_pb_row][et_pb_row column_structure=&#8221;1_2,1_2&#8243; use_custom_gutter=&#8221;on&#8221; make_equal=&#8221;on&#8221; admin_label=&#8221;2 Spalten Verlinkungen pt1&#8243; _builder_version=&#8221;4.9.4&#8243; _module_preset=&#8221;default&#8221; width=&#8221;50%&#8221; module_alignment=&#8221;center&#8221; custom_margin=&#8221;0px||0px||false|false&#8221; custom_padding=&#8221;0px|0px|0px||false|false&#8221; collapsed=&#8221;off&#8221;][et_pb_column type=&#8221;1_2&#8243; _builder_version=&#8221;4.9.4&#8243; _module_preset=&#8221;default&#8221; custom_padding=&#8221;0px||0px||false|false&#8221;][et_pb_text admin_label=&#8221;text&#8221; _builder_version=&#8221;4.9.4&#8243; _module_preset=&#8221;default&#8221; text_text_color=&#8221;#272D35&#8243; text_font_size=&#8221;16px&#8221; header_4_text_color=&#8221;#272D35&#8243;][\/et_pb_text][et_pb_image src=&#8221;https:\/\/linhardttest.pixeltypen.de\/wp-content\/uploads\/2024\/04\/Icons-Verlinkungen_2_Zeichenflaeche-1-05-2.jpg&#8221; title_text=&#8221;Icons Verlinkungen_2_Zeichenfl\u00c3\u00a4che 1-05&#8243; url=&#8221;@ET-DC@eyJkeW5hbWljIjp0cnVlLCJjb250ZW50IjoicG9zdF9saW5rX3VybF9wYWdlIiwic2V0dGluZ3MiOnsicG9zdF9pZCI6IjE0OTEzIn19@&#8221; show_bottom_space=&#8221;off&#8221; _builder_version=&#8221;4.9.4&#8243; _dynamic_attributes=&#8221;url&#8221; _module_preset=&#8221;default&#8221;][\/et_pb_image][\/et_pb_column][et_pb_column type=&#8221;1_2&#8243; _builder_version=&#8221;4.9.4&#8243; _module_preset=&#8221;default&#8221; custom_padding=&#8221;0px||0px||false|false&#8221;][et_pb_text admin_label=&#8221;text&#8221; _builder_version=&#8221;4.9.4&#8243; _module_preset=&#8221;default&#8221; text_text_color=&#8221;#272D35&#8243; text_font_size=&#8221;16px&#8221; header_4_text_color=&#8221;#272D35&#8243;][\/et_pb_text][et_pb_image src=&#8221;https:\/\/linhardttest.pixeltypen.de\/wp-content\/uploads\/2024\/04\/Icons-Verlinkungen_2_Zeichenflaeche-1-06-2.jpg&#8221; title_text=&#8221;Icons Verlinkungen_2_Zeichenfl\u00c3\u00a4che 1-06&#8243; url=&#8221;@ET-DC@eyJkeW5hbWljIjp0cnVlLCJjb250ZW50IjoicG9zdF9saW5rX3VybF9wYWdlIiwic2V0dGluZ3MiOnsicG9zdF9pZCI6IjE1MDE1In19@&#8221; show_bottom_space=&#8221;off&#8221; align=&#8221;right&#8221; _builder_version=&#8221;4.9.4&#8243; _dynamic_attributes=&#8221;url&#8221; _module_preset=&#8221;default&#8221;][\/et_pb_image][\/et_pb_column][\/et_pb_row][\/et_pb_section][et_pb_section fb_built=&#8221;1&#8243; admin_label=&#8221;Willkommen&#8221; _builder_version=&#8221;4.9.4&#8243; _module_preset=&#8221;default&#8221; background_color=&#8221;#FFFFFF&#8221; use_background_color_gradient=&#8221;on&#8221; background_color_gradient_start=&#8221;#ffffff&#8221; background_color_gradient_end=&#8221;#ffffff&#8221; custom_margin=&#8221;100px||||false|false&#8221; animation_style=&#8221;slide&#8221; animation_direction=&#8221;bottom&#8221; collapsed=&#8221;off&#8221;][et_pb_row admin_label=&#8221;Wer sind wir&#8221; _builder_version=&#8221;4.9.4&#8243; _module_preset=&#8221;default&#8221; module_alignment=&#8221;center&#8221; custom_margin=&#8221;50px||||false|false&#8221; collapsed=&#8221;off&#8221;][et_pb_column type=&#8221;4_4&#8243; _builder_version=&#8221;4.9.4&#8243; _module_preset=&#8221;default&#8221;][et_pb_divider color=&#8221;#A0EB00&#8243; divider_weight=&#8221;5px&#8221; _builder_version=&#8221;4.9.4&#8243; _module_preset=&#8221;default&#8221; width=&#8221;45%&#8221; max_width=&#8221;60%&#8221; module_alignment=&#8221;center&#8221; custom_margin=&#8221;40px||||false|false&#8221;][\/et_pb_divider][et_pb_text admin_label=&#8221;Wer sind wir&#8221; _builder_version=&#8221;4.9.4&#8243; _module_preset=&#8221;default&#8221; text_text_color=&#8221;#272D35&#8243; header_text_align=&#8221;center&#8221; header_4_text_align=&#8221;left&#8221; header_4_text_color=&#8221;#272D35&#8243; text_orientation=&#8221;center&#8221; max_width=&#8221;80%&#8221; module_alignment=&#8221;center&#8221;]<\/p>\n<h1 style=\"text-align: left;\">Wer sind wir<\/h1>\n<p>[\/et_pb_text][et_pb_divider color=&#8221;#A0EB00&#8243; divider_weight=&#8221;5px&#8221; _builder_version=&#8221;4.9.4&#8243; _module_preset=&#8221;default&#8221; width=&#8221;45%&#8221; max_width=&#8221;60%&#8221; module_alignment=&#8221;center&#8221; custom_margin=&#8221;40px||||false|false&#8221;][\/et_pb_divider][\/et_pb_column][\/et_pb_row][et_pb_row column_structure=&#8221;3_5,2_5&#8243; _builder_version=&#8221;4.9.4&#8243; _module_preset=&#8221;default&#8221;][et_pb_column type=&#8221;3_5&#8243; _builder_version=&#8221;4.9.4&#8243; _module_preset=&#8221;default&#8221;][et_pb_image src=&#8221;https:\/\/linhardttest.pixeltypen.de\/wp-content\/uploads\/2023\/12\/AdobeStock_321783986_bearb.jpg&#8221; title_text=&#8221;AdobeStock_321783986_bearb&#8221; _builder_version=&#8221;4.9.4&#8243; _module_preset=&#8221;default&#8221;][\/et_pb_image][\/et_pb_column][et_pb_column type=&#8221;2_5&#8243; _builder_version=&#8221;4.9.4&#8243; _module_preset=&#8221;default&#8221;][et_pb_text admin_label=&#8221;Unsere Vision&#8221; _builder_version=&#8221;4.9.4&#8243; _module_preset=&#8221;default&#8221; header_4_font=&#8221;|||on|||||&#8221; header_4_text_color=&#8221;#0D72C5&#8243;]<\/p>\n<h4>Unsere Vision<\/h4>\n<p>Vom Anfang bis zum Ende deiner Karriere an deiner Seite.<\/p>\n<p>[\/et_pb_text][et_pb_text admin_label=&#8221;Unsere Aufgaben&#8221; _builder_version=&#8221;4.9.4&#8243; _module_preset=&#8221;default&#8221; header_4_font=&#8221;|||on|||||&#8221; header_4_text_color=&#8221;#0D72C5&#8243; custom_margin=&#8221;20px||||false|false&#8221;]<\/p>\n<h4>Unsere Aufgaben<\/h4>\n<p>&#8211; Unterst\u00c3\u00bctzung bei der Einarbeitung<\/p>\n<p>&#8211; Angebot von Seminaren und Schulungen<\/p>\n<p>&#8211; Ansprechpartner f\u00c3\u00bcr Fort- und Weiterbildungen<\/p>\n<p>&#8211; \u00c3\u0153berwachung der Durchf\u00c3\u00bchrung von Pflichtschulungen<\/p>\n<p>&#8211; F\u00c3\u00b6rderung des Wissenstransfers im Unternehmen<\/p>\n<p>[\/et_pb_text][\/et_pb_column][\/et_pb_row][et_pb_row admin_label=&#8221;Teiler&#8221; _builder_version=&#8221;4.9.4&#8243; _module_preset=&#8221;default&#8221; module_alignment=&#8221;center&#8221; custom_margin=&#8221;50px||50px||false|false&#8221; collapsed=&#8221;off&#8221;][et_pb_column type=&#8221;4_4&#8243; _builder_version=&#8221;4.9.4&#8243; _module_preset=&#8221;default&#8221;][et_pb_divider color=&#8221;#A0EB00&#8243; divider_weight=&#8221;5px&#8221; _builder_version=&#8221;4.9.4&#8243; _module_preset=&#8221;default&#8221; width=&#8221;45%&#8221; max_width=&#8221;60%&#8221; module_alignment=&#8221;center&#8221; custom_margin=&#8221;40px||||false|false&#8221;][\/et_pb_divider][\/et_pb_column][\/et_pb_row][et_pb_row column_structure=&#8221;1_5,1_5,1_5,1_5,1_5&#8243; use_custom_gutter=&#8221;on&#8221; gutter_width=&#8221;2&#8243; make_equal=&#8221;on&#8221; admin_label=&#8221;3 Spalten Team&#8221; _builder_version=&#8221;4.9.4&#8243; _module_preset=&#8221;default&#8221; width=&#8221;100%&#8221; custom_margin=&#8221;20px||20px||true|false&#8221; custom_padding=&#8221;0px|5px|0px|5px|false|true&#8221; collapsed=&#8221;off&#8221;][et_pb_column type=&#8221;1_5&#8243; _builder_version=&#8221;4.9.4&#8243; _module_preset=&#8221;default&#8221; custom_padding=&#8221;0px||0px||false|false&#8221;][et_pb_text admin_label=&#8221;Anna Louen&#8221; _builder_version=&#8221;4.9.4&#8243; _module_preset=&#8221;default&#8221; text_text_color=&#8221;#616161&#8243; text_font_size=&#8221;13px&#8221; header_4_text_color=&#8221;#0D72C5&#8243;]<\/p>\n<h4>Anna Louen<\/h4>\n<p><em>Head of LIN.AK\u00c2\u00a0 \u00c2\u00a0 \u00c2\u00a0 \u00c2\u00a0 \u00c2\u00a0 \u00c2\u00a0 \u00c2\u00a0 \u00c2\u00a0 \u00c2\u00a0 \u00c2\u00a0 \u00c2\u00a0 \u00c2\u00a0 \u00c2\u00a0 \u00c2\u00a0 \u00c2\u00a0 \u00c2\u00a0 \u00c2\u00a0 \u00c2\u00a0 \u00c2\u00a0 \u00c2\u00a0.<\/em><\/p>\n<p>anna.louen@linhardt.com<\/p>\n<p>+49 9942 951 558<\/p>\n<p>[\/et_pb_text][\/et_pb_column][et_pb_column type=&#8221;1_5&#8243; _builder_version=&#8221;4.9.4&#8243; _module_preset=&#8221;default&#8221; custom_padding=&#8221;0px||0px||false|false&#8221;][et_pb_text admin_label=&#8221;Patricia Bretzl&#8221; _builder_version=&#8221;4.9.4&#8243; _module_preset=&#8221;default&#8221; text_text_color=&#8221;#616161&#8243; text_font_size=&#8221;13px&#8221; header_4_text_color=&#8221;#0D72C5&#8243;]<\/p>\n<h4>Patricia Bretzl<\/h4>\n<p><em>People Management<\/em><\/p>\n<p>patricia.bretzl@linhardt.com<\/p>\n<p>+49 9942 951 156<\/p>\n<p>[\/et_pb_text][\/et_pb_column][et_pb_column type=&#8221;1_5&#8243; _builder_version=&#8221;4.9.4&#8243; _module_preset=&#8221;default&#8221; custom_padding=&#8221;0px||0px||false|false&#8221;][et_pb_text admin_label=&#8221;Walter Helml&#8221; _builder_version=&#8221;4.9.4&#8243; _module_preset=&#8221;default&#8221; text_text_color=&#8221;#616161&#8243; text_font_size=&#8221;13px&#8221; header_4_text_color=&#8221;#0D72C5&#8243;]<\/p>\n<h4>Walter Helml<\/h4>\n<p><em>Senior<br \/>Q<\/em><em>ualifizierungsbeauftragter<br \/>LV<\/em><\/p>\n<p>walter.helml@linhardt.com<\/p>\n<p>+49 9942 951 274<\/p>\n<p>[\/et_pb_text][\/et_pb_column][et_pb_column type=&#8221;1_5&#8243; _builder_version=&#8221;4.9.4&#8243; _module_preset=&#8221;default&#8221; custom_padding=&#8221;0px||0px||false|false&#8221;][et_pb_text admin_label=&#8221;Alex Vogl&#8221; _builder_version=&#8221;4.9.4&#8243; _module_preset=&#8221;default&#8221; text_text_color=&#8221;#616161&#8243; text_font_size=&#8221;13px&#8221; header_4_text_color=&#8221;#0D72C5&#8243;]<\/p>\n<h4>Alex Vogl<\/h4>\n<p><em>Qualifizierungsbeauftragter<br \/>LV<\/em><\/p>\n<p>alex.vogl@linhardt.com<\/p>\n<p>+49 9942 951 597<\/p>\n<p>[\/et_pb_text][\/et_pb_column][et_pb_column type=&#8221;1_5&#8243; _builder_version=&#8221;4.9.4&#8243; _module_preset=&#8221;default&#8221; custom_padding=&#8221;0px||0px||false|false&#8221;][et_pb_text admin_label=&#8221;Dane Salzmann&#8221; _builder_version=&#8221;4.9.4&#8243; _module_preset=&#8221;default&#8221; text_text_color=&#8221;#616161&#8243; text_font_size=&#8221;13px&#8221; header_4_text_color=&#8221;#0D72C5&#8243;]<\/p>\n<h4>Dane Salzmann<\/h4>\n<p><em>Qualifizierungsbeauftragter<br \/>LP<\/em><\/p>\n<p>dane.salzmann@linhardt.com<\/p>\n<p>+49 37432 605 780<\/p>\n<p>[\/et_pb_text][\/et_pb_column][\/et_pb_row][et_pb_row admin_label=&#8221;Bild&#8221; _builder_version=&#8221;4.9.4&#8243; _module_preset=&#8221;default&#8221; width=&#8221;120%&#8221; max_width=&#8221;1519px&#8221;][et_pb_column type=&#8221;4_4&#8243; _builder_version=&#8221;4.9.4&#8243; _module_preset=&#8221;default&#8221;][et_pb_image src=&#8221;https:\/\/linhardttest.pixeltypen.de\/wp-content\/uploads\/2025\/07\/Team-LIN.AK_25_2.png&#8221; title_text=&#8221;Team LIN.AK_25_2&#8243; admin_label=&#8221;Bild&#8221; _builder_version=&#8221;4.9.4&#8243; _module_preset=&#8221;default&#8221;][\/et_pb_image][\/et_pb_column][\/et_pb_row][et_pb_row column_structure=&#8221;1_5,1_5,3_5&#8243; use_custom_gutter=&#8221;on&#8221; gutter_width=&#8221;2&#8243; make_equal=&#8221;on&#8221; admin_label=&#8221;3 Spalten Team&#8221; _builder_version=&#8221;4.9.4&#8243; _module_preset=&#8221;default&#8221; width=&#8221;100%&#8221; custom_margin=&#8221;0px||0px||false|false&#8221; custom_padding=&#8221;0px|5px|0px|5px|false|true&#8221; collapsed=&#8221;off&#8221;][et_pb_column type=&#8221;1_5&#8243; _builder_version=&#8221;4.9.4&#8243; _module_preset=&#8221;default&#8221; custom_padding=&#8221;0px||0px||false|false&#8221;][et_pb_text admin_label=&#8221;Text&#8221; _builder_version=&#8221;4.9.4&#8243; _module_preset=&#8221;default&#8221; text_text_color=&#8221;#272D35&#8243; text_line_height=&#8221;1.5em&#8221; header_4_text_color=&#8221;#272D35&#8243; custom_padding=&#8221;0px||0px|0px|false|false&#8221;]<\/p>\n<p>\u00e2\u20ac\u201c Strategische Entwicklung der LIN.AK<\/p>\n<p>\u00e2\u20ac\u201c Beratung zu Fort- und Weiterbildungen<\/p>\n<p>\u00e2\u20ac\u201c Organisation von Seminaren und Schulungen<\/p>\n<p>\u00e2\u20ac\u201c Wissensmanagement<\/p>\n<p>[\/et_pb_text][\/et_pb_column][et_pb_column type=&#8221;1_5&#8243; _builder_version=&#8221;4.9.4&#8243; _module_preset=&#8221;default&#8221; custom_padding=&#8221;0px||0px||false|false&#8221;][et_pb_text admin_label=&#8221;Text&#8221; _builder_version=&#8221;4.9.4&#8243; _module_preset=&#8221;default&#8221; text_text_color=&#8221;#272D35&#8243; text_line_height=&#8221;1.5em&#8221; header_4_text_color=&#8221;#272D35&#8243; custom_padding=&#8221;0px||0px|0px|false|false&#8221;]<\/p>\n<p>\u00e2\u20ac\u201c Organisation von Seminaren und Schulungen<\/p>\n<p>\u00e2\u20ac\u201c Seminarkatalog<\/p>\n<p>\u00e2\u20ac\u201c Secova Zuweisungen<\/p>\n<p>\u00e2\u20ac\u201c Sch\u00c3\u00bclerpraktika<\/p>\n<p>[\/et_pb_text][\/et_pb_column][et_pb_column type=&#8221;3_5&#8243; _builder_version=&#8221;4.9.4&#8243; _module_preset=&#8221;default&#8221; custom_padding=&#8221;0px||0px||false|false&#8221;][et_pb_text admin_label=&#8221;Text&#8221; _builder_version=&#8221;4.9.4&#8243; _module_preset=&#8221;default&#8221; text_text_color=&#8221;#272D35&#8243; text_line_height=&#8221;1.5em&#8221; header_4_text_color=&#8221;#272D35&#8243; custom_padding=&#8221;0px||0px|0px|false|false&#8221;]<\/p>\n<p>\u00e2\u20ac\u201c Einarbeitung &amp; Qualifizierung in der Produktion<\/p>\n<p>\u00e2\u20ac\u201c Onboarding &amp; Betreuung neuer Kollegen<\/p>\n<p>\u00e2\u20ac\u201c Organisation von internen Produktionsschulungen<\/p>\n<p>\u00e2\u20ac\u201c Wissenstransfer<\/p>\n<p>[\/et_pb_text][\/et_pb_column][\/et_pb_row][\/et_pb_section][et_pb_section fb_built=&#8221;1&#8243; admin_label=&#8221;Kontakt&#8221; _builder_version=&#8221;4.9.4&#8243; _module_preset=&#8221;default&#8221; max_width=&#8221;80%&#8221; module_alignment=&#8221;center&#8221; collapsed=&#8221;off&#8221;][et_pb_row _builder_version=&#8221;4.9.4&#8243; _module_preset=&#8221;default&#8221; module_alignment=&#8221;center&#8221;][et_pb_column type=&#8221;4_4&#8243; _builder_version=&#8221;4.9.4&#8243; _module_preset=&#8221;default&#8221;][et_pb_blurb title=&#8221;Kontakt&#8221; image=&#8221;https:\/\/linhardttest.pixeltypen.de\/wp-content\/uploads\/2023\/12\/LIN.AK_Logo_RGB_BLAU_ohne-Text.jpg&#8221; icon_placement=&#8221;left&#8221; content_max_width=&#8221;100%&#8221; _builder_version=&#8221;4.9.4&#8243; _module_preset=&#8221;default&#8221;]<\/p>\n<p style=\"text-align: left;\"><a href=\"https:\/\/linhardttest.pixeltypen.de\/wp-content\/uploads\/2023\/12\/LIN.AK_Logo_RGB_BLAU_ohne-Text.jpg\"><br \/><\/a>lin.ak@linhardt.com<\/p>\n<p>[\/et_pb_blurb][\/et_pb_column][\/et_pb_row][\/et_pb_section]<\/p>\n","protected":false},"excerpt":{"rendered":"<p>[et_pb_section fb_built=&#8221;1&#8243; fullwidth=&#8221;on&#8221; _builder_version=&#8221;4.9.4&#8243; _module_preset=&#8221;default&#8221; collapsed=&#8221;off&#8221;][et_pb_fullwidth_image src=&#8221;https:\/\/linhardttest.pixeltypen.de\/wp-content\/uploads\/2024\/02\/AdobeStock_665124271_bearb_2.jpg&#8221; title_text=&#8221;AdobeStock_665124271_bearb_2&#8243; admin_label=&#8221;Titelbild&#8221; _builder_version=&#8221;4.9.4&#8243; _module_preset=&#8221;default&#8221;][\/et_pb_fullwidth_image][\/et_pb_section][et_pb_section fb_built=&#8221;1&#8243; admin_label=&#8221;Willkommen&#8221; _builder_version=&#8221;4.9.4&#8243; _module_preset=&#8221;default&#8221; background_color=&#8221;#FFFFFF&#8221; use_background_color_gradient=&#8221;on&#8221; background_color_gradient_start=&#8221;#ffffff&#8221; background_color_gradient_end=&#8221;#ffffff&#8221; custom_margin=&#8221;0px||||false|false&#8221; animation_style=&#8221;slide&#8221; animation_direction=&#8221;bottom&#8221; collapsed=&#8221;off&#8221;][et_pb_row admin_label=&#8221;\u00c3\u0153berschrift: Willkommen bei der LIN.AK&#8221; _builder_version=&#8221;4.9.4&#8243; _module_preset=&#8221;default&#8221; background_color=&#8221;#FFFFFF&#8221; collapsed=&#8221;off&#8221;][et_pb_column type=&#8221;4_4&#8243; _builder_version=&#8221;4.9.4&#8243; _module_preset=&#8221;default&#8221;][et_pb_text admin_label=&#8221;Willkommen&#8221; _builder_version=&#8221;4.9.4&#8243; _module_preset=&#8221;default&#8221; header_text_color=&#8221;#143A72&#8243; custom_margin=&#8221;5px|10px|5px|10px|true|true&#8221; custom_padding=&#8221;0px||0px||true|true&#8221;] Willkommen bei der LIN.AK [\/et_pb_text][et_pb_divider color=&#8221;#A0EB00&#8243; divider_weight=&#8221;5px&#8221; _builder_version=&#8221;4.9.4&#8243; _module_preset=&#8221;default&#8221; width=&#8221;45%&#8221; max_width=&#8221;60%&#8221; module_alignment=&#8221;center&#8221; custom_margin=&#8221;40px||||false|false&#8221;][\/et_pb_divider][et_pb_text admin_label=&#8221;Was [&hellip;]<\/p>\n","protected":false},"author":14,"featured_media":0,"parent":0,"menu_order":0,"comment_status":"closed","ping_status":"closed","template":"","meta":{"_et_pb_use_builder":"on","_et_pb_old_content":"","_et_gb_content_width":""},"_links":{"self":[{"href":"https:\/\/linhardttest.pixeltypen.de\/index.php\/wp-json\/wp\/v2\/pages\/17850"}],"collection":[{"href":"https:\/\/linhardttest.pixeltypen.de\/index.php\/wp-json\/wp\/v2\/pages"}],"about":[{"href":"https:\/\/linhardttest.pixeltypen.de\/index.php\/wp-json\/wp\/v2\/types\/page"}],"author":[{"embeddable":true,"href":"https:\/\/linhardttest.pixeltypen.de\/index.php\/wp-json\/wp\/v2\/users\/14"}],"replies":[{"embeddable":true,"href":"https:\/\/linhardttest.pixeltypen.de\/index.php\/wp-json\/wp\/v2\/comments?post=17850"}],"version-history":[{"count":72,"href":"https:\/\/linhardttest.pixeltypen.de\/index.php\/wp-json\/wp\/v2\/pages\/17850\/revisions"}],"predecessor-version":[{"id":21774,"href":"https:\/\/linhardttest.pixeltypen.de\/index.php\/wp-json\/wp\/v2\/pages\/17850\/revisions\/21774"}],"wp:attachment":[{"href":"https:\/\/linhardttest.pixeltypen.de\/index.php\/wp-json\/wp\/v2\/media?parent=17850"}],"curies":[{"name":"wp","href":"https:\/\/api.w.org\/{rel}","templated":true}]}}