{"id":18054,"date":"2024-04-10T08:40:47","date_gmt":"2024-04-10T06:40:47","guid":{"rendered":"https:\/\/linhardttest.pixeltypen.de\/?page_id=18054"},"modified":"2025-08-29T11:12:28","modified_gmt":"2025-08-29T09:12:28","slug":"reisemanagement","status":"publish","type":"page","link":"https:\/\/linhardttest.pixeltypen.de\/index.php\/reisemanagement\/","title":{"rendered":"Reisemanagement"},"content":{"rendered":"<p style=\"font-weight: 400;\"><strong><img class=\"wp-image-18058 aligncenter\" src=\"https:\/\/linhardttest.pixeltypen.de\/wp-content\/uploads\/2024\/04\/AdobeStock_202717500.jpeg\" alt=\"\" width=\"739\" height=\"492\" \/><\/strong><\/p>\n<p>&nbsp;<\/p>\n<p>Hier findet ihr alle Infos rund um das Thema <strong>Dienstreise<\/strong>.<\/p>\n<p>Die Organisation von Dienstreisen im In- und \/ oder Ausland erfolgt ab sofort ausschlie\u00c3\u0178lich \u00c3\u00bcber das <strong>Reisemanagement<\/strong>.<\/p>\n<p>Dazu geh\u00c3\u00b6ren:<br \/>\n<strong>&#8211; Flugtickets<\/strong><br \/>\n<strong>&#8211; Zugfahrkarten<\/strong><br \/>\n<strong>&#8211; Hotelzimmer<\/strong> (inkl. Buchungen an den LINHARDT-Standorten) und<br \/>\n<strong>&#8211; Mietw\u00c3\u00a4gen<\/strong> (die nicht an den LINHARDT-Standorten ben\u00c3\u00b6tigt werden)<\/p>\n<p>Die <strong>Organisation von Pool- und Mietw\u00c3\u00a4gen<\/strong>, die <strong>an den deutschen Standorten<\/strong> (Viechtach, Pausa und Hambr\u00c3\u00bccken) ben\u00c3\u00b6tigt werden, k\u00c3\u00b6nnen direkt \u00c3\u00bcber die <strong>Buchungsstelle in den Werken<\/strong> erfolgen.<\/p>\n<p>&nbsp;<\/p>\n<p><strong>Zust\u00c3\u00a4ndigkeiten der Buchungen auf einen Blick:<\/strong><\/p>\n<p><a href=\"https:\/\/linhardttest.pixeltypen.de\/wp-content\/uploads\/2024\/12\/Bildschirmfoto-2024-12-12-um-14.56.19.png\"><img class=\"wp-image-20071 size-full aligncenter\" src=\"https:\/\/linhardttest.pixeltypen.de\/wp-content\/uploads\/2024\/12\/Bildschirmfoto-2024-12-12-um-14.56.19.png\" alt=\"\" width=\"817\" height=\"646\" \/><\/a><\/p>\n<p>&nbsp;<\/p>\n<p>Im <strong>Dienstreiseantrag<\/strong> werden dazu alle ben\u00c3\u00b6tigten Infos vom Reisenden eingetragen, von seinem Vorgesetzten genehmigt und anschlie\u00c3\u0178end an das Reisemanagement <strong>per Mail<\/strong> geschickt: <a href=\"mailto:reisemanagement@linhardt.com\">reisemanagement@linhardt.com<\/a>.<\/p>\n<p><strong>Wichtige Dokumente und n\u00c3\u00bctzliche Tipps:<\/strong><\/p>\n<p>&#8211; <a href=\"http:\/\/lvcaqp1\/WebCAQ.Net\/App.QBD\/DocumentView.aspx?level=document&amp;levelid=2165\" target=\"_blank\" rel=\"noopener\">Reiserichtlinien<\/a> der LINHARDT Group<br \/>\n&#8211; Leitfaden f\u00c3\u00bcr <a href=\"http:\/\/lvcaqp1\/WebCAQ.Net\/App.QBD\/DocumentView.aspx?level=document&amp;levelid=4996\">Dienstreiseantrag<\/a><br \/>\n&#8211; <a href=\"http:\/\/lvcaqp1\/WebCAQ.Net\/App.QBD\/DocumentView.aspx?ID=2770\" target=\"_blank\" rel=\"noopener\">Spesen-und Dienstreiseabrechnung<\/a><br \/>\n&#8211; \u00c3\u0153bersicht <a href=\"http:\/\/lvcaqp1\/WebCAQ.Net\/App.QBD\/DocumentView.aspx?level=document&amp;levelid=5010\">Verpflegungsmehraufwendungen<\/a> \u00e2\u20ac\u201c L\u00c3\u00a4nder<br \/>\n&#8211; <a href=\"http:\/\/lvcaqp1\/WebCAQ.Net\/App.QBD\/DocumentView.aspx?ID=4385\" target=\"_blank\" rel=\"noopener\">Berufsschulfahrten<\/a><br \/>\n&#8211; Notrufmerkblatt \u00e2\u20ac\u201c <a href=\"http:\/\/lvcaqp1\/WebCAQ.Net\/App.QBD\/DocumentView.aspx?level=document&amp;levelid=4991\">Auslandsreisekrankenversicherung<\/a><br \/>\n&#8211; Reiseinfos:<br \/>\n<strong># Vereinigte Staaten von Amerika USA<\/strong> &#8211; <a href=\"https:\/\/linhardttest.pixeltypen.de\/wp-content\/uploads\/2025\/02\/Infoblatt-USA.pdf\" target=\"_blank\" rel=\"noopener\">Infoblatt<\/a> | <a href=\"https:\/\/linhardttest.pixeltypen.de\/wp-content\/uploads\/2025\/02\/Business-Knigge-USA.pdf\" target=\"_blank\" rel=\"noopener\">Business-Knigge<\/a><br \/>\n<strong># Saudi-Arabien<\/strong> &#8211; <a href=\"https:\/\/linhardttest.pixeltypen.de\/wp-content\/uploads\/2024\/04\/Infoblatt-Saudi-Arabien.pdf\" target=\"_blank\" rel=\"noopener\">Infoblatt<\/a> | <a href=\"https:\/\/linhardttest.pixeltypen.de\/wp-content\/uploads\/2024\/04\/Business-Knigge-Saudi-Arabien.pdf\" target=\"_blank\" rel=\"noopener\">Business-Knigge<\/a><br \/>\n<strong># Indien<\/strong> &#8211; <a href=\"https:\/\/linhardttest.pixeltypen.de\/wp-content\/uploads\/2024\/04\/Infoblatt-Indien.pdf\" target=\"_blank\" rel=\"noopener\">Infoblatt<\/a> | <a href=\"https:\/\/linhardttest.pixeltypen.de\/wp-content\/uploads\/2025\/08\/Business-Knigge-Kanada.pdf\" target=\"_blank\" rel=\"noopener\">Business-Knigge<\/a><br \/>\n<strong># Kanada<\/strong> &#8211; <a href=\"https:\/\/linhardttest.pixeltypen.de\/wp-content\/uploads\/2025\/08\/Infoblatt-Kanada.pdf\" target=\"_blank\" rel=\"noopener\">Infoblatt<\/a> | <a href=\"https:\/\/linhardttest.pixeltypen.de\/wp-content\/uploads\/2025\/08\/Business-Knigge-Kanada.pdf\" target=\"_blank\" rel=\"noopener\">Business-Knigge<\/a><\/p>\n<p>&nbsp;<\/p>\n<h5><strong>Kontaktdaten:<\/strong><\/h5>\n<p><strong>Reisemanagement<br \/>\n<\/strong>Frau Caroline Sch\u00c3\u00b6rghuber<br \/>\nTelefon: +49 9942 951 132 oder +49 151 544 538 44<br \/>\nE-Mail: caroline.schoerghuber@linhardt.com<\/p>\n<p><strong>Zentrale Viechtach<br \/>\n<\/strong>Frau Ursula Dachs<br \/>\nTelefon: +49 9942 951 170<br \/>\nE-Mail: ursula.dachs@linhardt.com<\/p>\n<p><strong>Zentrale Hambr\u00c3\u00bccken<br \/>\n<\/strong>Frau Tatjana Weber<br \/>\nTelefon: +49 7255 715 499<br \/>\nE-Mail: tatjana.weber@linhardt.com<\/p>\n<p><strong>\u00c2\u00a0<\/strong><strong>Pausa<br \/>\n<\/strong>Frau Antje Krause<br \/>\nTelefon: +49 37432 605 772<br \/>\nE-Mail: antje.krause@linhardt.com<\/p>\n<p><strong>Dienstreiseantr\u00c3\u00a4ge, Buchungsanfragen und Reisekostenabrechnungen<\/strong> k\u00c3\u00b6nnen <strong>direkt per Mail<\/strong> an <a href=\"mailto:reisemanagement@linhardt.com\">reisemanagement@linhardt.com<\/a> geschickt werden.<\/p>\n","protected":false},"excerpt":{"rendered":"<p>10.04.2024<\/p>\n","protected":false},"author":18,"featured_media":0,"parent":0,"menu_order":0,"comment_status":"closed","ping_status":"closed","template":"","meta":{"_et_pb_use_builder":"","_et_pb_old_content":"","_et_gb_content_width":""},"_links":{"self":[{"href":"https:\/\/linhardttest.pixeltypen.de\/index.php\/wp-json\/wp\/v2\/pages\/18054"}],"collection":[{"href":"https:\/\/linhardttest.pixeltypen.de\/index.php\/wp-json\/wp\/v2\/pages"}],"about":[{"href":"https:\/\/linhardttest.pixeltypen.de\/index.php\/wp-json\/wp\/v2\/types\/page"}],"author":[{"embeddable":true,"href":"https:\/\/linhardttest.pixeltypen.de\/index.php\/wp-json\/wp\/v2\/users\/18"}],"replies":[{"embeddable":true,"href":"https:\/\/linhardttest.pixeltypen.de\/index.php\/wp-json\/wp\/v2\/comments?post=18054"}],"version-history":[{"count":22,"href":"https:\/\/linhardttest.pixeltypen.de\/index.php\/wp-json\/wp\/v2\/pages\/18054\/revisions"}],"predecessor-version":[{"id":21899,"href":"https:\/\/linhardttest.pixeltypen.de\/index.php\/wp-json\/wp\/v2\/pages\/18054\/revisions\/21899"}],"wp:attachment":[{"href":"https:\/\/linhardttest.pixeltypen.de\/index.php\/wp-json\/wp\/v2\/media?parent=18054"}],"curies":[{"name":"wp","href":"https:\/\/api.w.org\/{rel}","templated":true}]}}